{"id":427,"date":"2024-10-23T07:38:53","date_gmt":"2024-10-23T07:38:53","guid":{"rendered":"http:\/\/lietuva-visu.com\/?page_id=427"},"modified":"2026-03-03T10:56:24","modified_gmt":"2026-03-03T10:56:24","slug":"skirkite-2-paramos","status":"publish","type":"page","link":"https:\/\/lietuva-visu.com\/index.php\/skirkite-2-paramos\/","title":{"rendered":"Skirkite 0,6% paramos"},"content":{"rendered":"\n<p><strong>SKIRKITE 0,6% GPM PARTIJAI &#8222;LIETUVA-VIS\u0172&#8221;<\/strong><\/p>\n\n\n\n<p>J\u016bs\u0173 0,6% gyventoj\u0173 pajam\u0173 mokes\u010dio (GPM) gali pad\u0117ti kurti stipresn\u0119 ir teisingesn\u0119 Lietuv\u0105. Skirkite savo param\u0105 partijai <strong>&#8222;Lietuva-VIS\u0172&#8221;<\/strong>, kad kartu kurtume skaidresn\u0119 politik\u0105 ir geresn\u0119 ateit\u012f visiems pilie\u010diams.<\/p>\n\n\n\n<hr class=\"wp-block-separator has-alpha-channel-opacity\"\/>\n\n\n\n<p><strong>KOD\u0116L VERTA SKIRTI 0,6% GPM?<\/strong><\/p>\n\n\n\n<p>\u2705 Parama nekainuoja papildomai \u2013 tiesiog dalis j\u016bs\u0173 jau sumok\u0117to pajam\u0173 mokes\u010dio bus skirta partijai.<\/p>\n\n\n\n<p>\u2705 Prisid\u0117site prie demokratini\u0173 vertybi\u0173 stiprinimo.<\/p>\n\n\n\n<p>\u2705 Pad\u0117site m\u016bs\u0173 politinei j\u0117gai pl\u0117sti veikl\u0105, organizuoti renginius ir stiprinti Lietuvos \u017emoni\u0173 bals\u0105.<\/p>\n\n\n\n<hr class=\"wp-block-separator has-alpha-channel-opacity\"\/>\n\n\n\n<p><strong>KAIP SKIRTI 0,6% GPM?<\/strong><\/p>\n\n\n\n<p>1\ufe0f. Prisijunkite prie Valstybin\u0117s mokes\u010di\u0173 inspekcijos (VMI) Elektroninio deklaravimo sistemos (EDS): <a href=\"https:\/\/deklaravimas.vmi.lt\/\">https:\/\/deklaravimas.vmi.lt<\/a><\/p>\n\n\n\n<p>2\ufe0f. Pasirinkite form\u0105 <strong>FR0512 v.5<\/strong>.<\/p>\n\n\n\n<p>3\ufe0f. U\u017epildykite \u0161i\u0105 informacij\u0105:<\/p>\n\n\n\n<ul class=\"wp-block-list\">\n<li><strong>gav\u0117jo tipas:<\/strong> 2 (politinei partijai)<\/li>\n\n\n\n<li><strong>gav\u0117jo kodas:<\/strong> <strong>302813361<\/strong><\/li>\n\n\n\n<li><strong>mokes\u010dio dalies dydis:<\/strong> 0,60<\/li>\n\n\n\n<li><strong>laikotarpis:<\/strong> iki 2028 m. (jei norite skirti param\u0105 ilgesniam laikui)<\/li>\n<\/ul>\n\n\n\n<p>4\ufe0f. Patvirtinkite ir pateikite form\u0105 iki <strong>gegu\u017e\u0117s 2 d.<br><br>Jei reikia detalesn\u0117s instrukcijos kaip skirti param\u0105, j\u0105 rasite \u010dia <a href=\"https:\/\/lietuva-visu.com\/wp-content\/uploads\/2025\/03\/InstrukcijaSkirti06GPM.pdf\" title=\"(PDF failas)\">(PDF failas)<\/a>.<\/strong><\/p>\n\n\n\n<hr class=\"wp-block-separator has-alpha-channel-opacity\"\/>\n\n\n\n<p><strong>K\u0104 DAR GALITE PADARYTI?<\/strong><\/p>\n\n\n\n<p>\ud83d\udd39 Pasidalinkite \u0161ia informacija su draugais ir \u0161eimos nariais.<\/p>\n\n\n\n<p>\ud83d\udd39 Prisijunkite prie m\u016bs\u0173 veiklos ir tapkite aktyviu bendruomen\u0117s nariu.<\/p>\n\n\n\n<p>\ud83d\udd39 Sekite naujienas socialiniuose tinkluose ir dalyvaukite diskusijose.<br><br>D\u0117kojame u\u017e j\u016bs\u0173 palaikym\u0105! J\u016bs\u0173 0,6% GPM padeda kurti stipresn\u0119 ir vieningesn\u0119 Lietuv\u0105.<\/p>\n","protected":false},"excerpt":{"rendered":"<p>SKIRKITE 0,6% GPM PARTIJAI &#8222;LIETUVA-VIS\u0172&#8221; J\u016bs\u0173 0,6% gyventoj\u0173 pajam\u0173 mokes\u010dio (GPM) gali pad\u0117ti kurti stipresn\u0119 ir teisingesn\u0119 Lietuv\u0105. Skirkite savo param\u0105 partijai &#8222;Lietuva-VIS\u0172&#8221;, kad kartu kurtume skaidresn\u0119 politik\u0105 ir geresn\u0119 ateit\u012f visiems pilie\u010diams. KOD\u0116L VERTA SKIRTI 0,6% GPM? \u2705 Parama nekainuoja papildomai \u2013 tiesiog dalis j\u016bs\u0173 jau sumok\u0117to pajam\u0173 mokes\u010dio bus skirta partijai. \u2705 Prisid\u0117site [&hellip;]<\/p>\n","protected":false},"author":1,"featured_media":0,"parent":0,"menu_order":0,"comment_status":"closed","ping_status":"closed","template":"","meta":{"om_disable_all_campaigns":false,"_monsterinsights_skip_tracking":false,"_monsterinsights_sitenote_active":false,"_monsterinsights_sitenote_note":"","_monsterinsights_sitenote_category":0,"footnotes":"","_links_to":"","_links_to_target":""},"class_list":["post-427","page","type-page","status-publish","hentry"],"aioseo_notices":[],"_links":{"self":[{"href":"https:\/\/lietuva-visu.com\/index.php\/wp-json\/wp\/v2\/pages\/427","targetHints":{"allow":["GET"]}}],"collection":[{"href":"https:\/\/lietuva-visu.com\/index.php\/wp-json\/wp\/v2\/pages"}],"about":[{"href":"https:\/\/lietuva-visu.com\/index.php\/wp-json\/wp\/v2\/types\/page"}],"author":[{"embeddable":true,"href":"https:\/\/lietuva-visu.com\/index.php\/wp-json\/wp\/v2\/users\/1"}],"replies":[{"embeddable":true,"href":"https:\/\/lietuva-visu.com\/index.php\/wp-json\/wp\/v2\/comments?post=427"}],"version-history":[{"count":5,"href":"https:\/\/lietuva-visu.com\/index.php\/wp-json\/wp\/v2\/pages\/427\/revisions"}],"predecessor-version":[{"id":541,"href":"https:\/\/lietuva-visu.com\/index.php\/wp-json\/wp\/v2\/pages\/427\/revisions\/541"}],"wp:attachment":[{"href":"https:\/\/lietuva-visu.com\/index.php\/wp-json\/wp\/v2\/media?parent=427"}],"curies":[{"name":"wp","href":"https:\/\/api.w.org\/{rel}","templated":true}]}}